{"id":71,"date":"2020-11-06T00:19:17","date_gmt":"2020-11-05T23:19:17","guid":{"rendered":"http:\/\/praxis-miserre.de\/wordpress\/?page_id=71"},"modified":"2020-11-06T00:19:17","modified_gmt":"2020-11-05T23:19:17","slug":"impressum","status":"publish","type":"page","link":"https:\/\/praxis-miserre-laughlin.de\/?page_id=71","title":{"rendered":"Impressum"},"content":{"rendered":"\n\t\t\t\t\n<p><em>Anbieter dieser Internetseite ist:<\/em><\/p>\n\n\n\n<p> Hans-Georg Miserre<br>Alter Weg 14<br>58540 Meinerzhagen\u00a0<br>+49 2358 904040<br>praxis-miserre@gmx.de <\/p>\n\n\n\n<p><em>Hans-Georg Miserre ist Mitglied der \u00c4rztekammer <\/em> <br>Westfalen-Lippe, Gartenstra\u00dfe 210\/214, 48147 M\u00fcnster.<br><em>Er f\u00fchrt die Berufsbezeichnung Arzt, die in der Bundesrepublik Deutschland verliehen wurde<a rel=\"noreferrer noopener\" href=\"http:\/\/muster-impressum.de\/vorlagen\/musterimpressum-fuer-einen-arzt\/\" target=\"_blank\">.<\/a><\/em><\/p>\n\n\n\n<p><em>Die Berufsordnung der \u00c4rztekammer Westfalen-Lippe ist einsehbar unter <\/em><a href=\"http:\/\/www.aekwl.de\">http:\/\/www.aekwl.de<\/a>.<br><em>Weitere berufsrechtliche Regeln sind die Bundes\u00e4rzteordnung&nbsp;und die Approbationsordnung f\u00fcr \u00c4rzte<a href=\"http:\/\/muster-impressum.de\/vorlagen\/musterimpressum-fuer-einen-arzt\/\">;<\/a>&nbsp;diese sind einsehbar unter<\/em><br><a href=\"https:\/\/www.aekwl.de\/fuer-aerzte\/arzt-und-recht\/arztrelevante-gesetze\">https:\/\/www.aekwl.de\/fuer-aerzte\/arzt-und-recht\/arztrelevante-gesetze<\/a><em>.<\/em><\/p>\n\n\n\n<p><em>Inhaltlich Verantwortlicher gem\u00e4\u00df \u00a7 55 Abs<a rel=\"noreferrer noopener\" href=\"http:\/\/muster-impressum.de\/vorlagen\/musterimpressum-fuer-einen-arzt\/\" target=\"_blank\">.<\/a> 2 RStV:&nbsp; Hans-Georg Miserre<\/em><\/p>\n\t\t","protected":false},"excerpt":{"rendered":"<p>Anbieter dieser Internetseite ist: Hans-Georg MiserreAlter Weg 1458540 Meinerzhagen\u00a0+49 2358 904040praxis-miserre@gmx.de Hans-Georg Miserre ist Mitglied der \u00c4rztekammer Westfalen-Lippe, Gartenstra\u00dfe 210\/214, 48147 M\u00fcnster.Er f\u00fchrt die Berufsbezeichnung Arzt, die in der Bundesrepublik Deutschland verliehen wurde. Die Berufsordnung der \u00c4rztekammer Westfalen-Lippe ist einsehbar unter http:\/\/www.aekwl.de.Weitere berufsrechtliche Regeln sind die Bundes\u00e4rzteordnung&nbsp;und die Approbationsordnung f\u00fcr \u00c4rzte;&nbsp;diese sind einsehbar unterhttps:\/\/www.aekwl.de\/fuer-aerzte\/arzt-und-recht\/arztrelevante-gesetze. Inhaltlich &hellip; <\/p>\n<p class=\"link-more\"><a href=\"https:\/\/praxis-miserre-laughlin.de\/?page_id=71\" class=\"more-link\"><span class=\"screen-reader-text\">\u201eImpressum\u201c<\/span> weiterlesen<\/a><\/p>\n","protected":false},"author":1,"featured_media":0,"parent":0,"menu_order":0,"comment_status":"closed","ping_status":"closed","template":"","meta":{"footnotes":""},"class_list":["post-71","page","type-page","status-publish","hentry"],"_links":{"self":[{"href":"https:\/\/praxis-miserre-laughlin.de\/index.php?rest_route=\/wp\/v2\/pages\/71","targetHints":{"allow":["GET"]}}],"collection":[{"href":"https:\/\/praxis-miserre-laughlin.de\/index.php?rest_route=\/wp\/v2\/pages"}],"about":[{"href":"https:\/\/praxis-miserre-laughlin.de\/index.php?rest_route=\/wp\/v2\/types\/page"}],"author":[{"embeddable":true,"href":"https:\/\/praxis-miserre-laughlin.de\/index.php?rest_route=\/wp\/v2\/users\/1"}],"replies":[{"embeddable":true,"href":"https:\/\/praxis-miserre-laughlin.de\/index.php?rest_route=%2Fwp%2Fv2%2Fcomments&post=71"}],"version-history":[{"count":0,"href":"https:\/\/praxis-miserre-laughlin.de\/index.php?rest_route=\/wp\/v2\/pages\/71\/revisions"}],"wp:attachment":[{"href":"https:\/\/praxis-miserre-laughlin.de\/index.php?rest_route=%2Fwp%2Fv2%2Fmedia&parent=71"}],"curies":[{"name":"wp","href":"https:\/\/api.w.org\/{rel}","templated":true}]}}