{"id":7,"date":"2020-11-05T21:40:46","date_gmt":"2020-11-05T20:40:46","guid":{"rendered":"http:\/\/praxis-miserre.de\/wordpress\/?page_id=7"},"modified":"2020-11-05T21:40:46","modified_gmt":"2020-11-05T20:40:46","slug":"unser-praxisteam","status":"publish","type":"page","link":"https:\/\/praxis-miserre-laughlin.de\/?page_id=7","title":{"rendered":"Unser Praxisteam"},"content":{"rendered":"\n\t\t\t\t\n<div class=\"wp-block-media-text alignwide\"><figure class=\"wp-block-media-text__media\"><img loading=\"lazy\" decoding=\"async\" width=\"1024\" height=\"731\" src=\"http:\/\/praxis-miserre-laughlin.de\/wp-content\/uploads\/2020\/11\/Start-1-1024x731.jpg\" alt=\"\" class=\"wp-image-86\" srcset=\"https:\/\/praxis-miserre-laughlin.de\/wp-content\/uploads\/2020\/11\/Start-1-1024x731.jpg 1024w, https:\/\/praxis-miserre-laughlin.de\/wp-content\/uploads\/2020\/11\/Start-1-300x214.jpg 300w, https:\/\/praxis-miserre-laughlin.de\/wp-content\/uploads\/2020\/11\/Start-1-768x548.jpg 768w, https:\/\/praxis-miserre-laughlin.de\/wp-content\/uploads\/2020\/11\/Start-1-1536x1096.jpg 1536w, https:\/\/praxis-miserre-laughlin.de\/wp-content\/uploads\/2020\/11\/Start-1-2048x1461.jpg 2048w\" sizes=\"auto, (max-width: 767px) 89vw, (max-width: 1000px) 54vw, (max-width: 1071px) 543px, 580px\" \/><\/figure><div class=\"wp-block-media-text__content\">\n<p class=\"has-medium-font-size\">Hans-Georg Miserre<\/p>\n\n\n\n<p>Facharzt f\u00fcr Allgemeinmedizin<\/p>\n\n\n\n<p class=\"has-small-font-size\">Palliativmedizin, Reisemedizin, psychosomatische Grundversorgung<\/p>\n<\/div><\/div>\n\n\n\n<div class=\"wp-block-media-text alignwide\"><figure class=\"wp-block-media-text__media\"><img loading=\"lazy\" decoding=\"async\" width=\"1024\" height=\"731\" src=\"http:\/\/praxis-miserre-laughlin.de\/wp-content\/uploads\/2020\/11\/Start-1-1024x731.jpg\" alt=\"\" class=\"wp-image-86\" srcset=\"https:\/\/praxis-miserre-laughlin.de\/wp-content\/uploads\/2020\/11\/Start-1-1024x731.jpg 1024w, https:\/\/praxis-miserre-laughlin.de\/wp-content\/uploads\/2020\/11\/Start-1-300x214.jpg 300w, https:\/\/praxis-miserre-laughlin.de\/wp-content\/uploads\/2020\/11\/Start-1-768x548.jpg 768w, https:\/\/praxis-miserre-laughlin.de\/wp-content\/uploads\/2020\/11\/Start-1-1536x1096.jpg 1536w, https:\/\/praxis-miserre-laughlin.de\/wp-content\/uploads\/2020\/11\/Start-1-2048x1461.jpg 2048w\" sizes=\"auto, (max-width: 767px) 89vw, (max-width: 1000px) 54vw, (max-width: 1071px) 543px, 580px\" \/><\/figure><div class=\"wp-block-media-text__content\">\n<p style=\"text-align:left\" class=\"has-medium-font-size\">Dr. med. Andrea Brune<\/p>\n\n\n\n<p>Fach\u00e4rztin f\u00fcr<br>Allgemeinmedizin<\/p>\n\n\n\n<p class=\"has-small-font-size\">Naturheilkunde<br><br><\/p>\n\n\n\n<p><\/p>\n<\/div><\/div>\n\n\n\n<div class=\"wp-block-media-text alignwide\"><figure class=\"wp-block-media-text__media\"><img loading=\"lazy\" decoding=\"async\" width=\"1024\" height=\"731\" src=\"http:\/\/praxis-miserre-laughlin.de\/wp-content\/uploads\/2020\/11\/Start-1-1024x731.jpg\" alt=\"\" class=\"wp-image-86\" srcset=\"https:\/\/praxis-miserre-laughlin.de\/wp-content\/uploads\/2020\/11\/Start-1-1024x731.jpg 1024w, https:\/\/praxis-miserre-laughlin.de\/wp-content\/uploads\/2020\/11\/Start-1-300x214.jpg 300w, https:\/\/praxis-miserre-laughlin.de\/wp-content\/uploads\/2020\/11\/Start-1-768x548.jpg 768w, https:\/\/praxis-miserre-laughlin.de\/wp-content\/uploads\/2020\/11\/Start-1-1536x1096.jpg 1536w, https:\/\/praxis-miserre-laughlin.de\/wp-content\/uploads\/2020\/11\/Start-1-2048x1461.jpg 2048w\" sizes=\"auto, (max-width: 767px) 89vw, (max-width: 1000px) 54vw, (max-width: 1071px) 543px, 580px\" \/><\/figure><div class=\"wp-block-media-text__content\">\n<p class=\"has-medium-font-size\">Dr. med. Katharina Laughlin  <\/p>\n\n\n\n<p>Fach\u00e4rztin f\u00fcr Allgemeinmedizin<\/p>\n\n\n\n<p><br><br><br><\/p>\n\n\n\n<p><\/p>\n<\/div><\/div>\n\n\n\n<figure class=\"wp-block-image\"><img loading=\"lazy\" decoding=\"async\" width=\"1024\" height=\"731\" src=\"http:\/\/praxis-miserre-laughlin.de\/wp-content\/uploads\/2020\/11\/Team1-1-1024x731.jpg\" alt=\"\" class=\"wp-image-87\" srcset=\"https:\/\/praxis-miserre-laughlin.de\/wp-content\/uploads\/2020\/11\/Team1-1-1024x731.jpg 1024w, https:\/\/praxis-miserre-laughlin.de\/wp-content\/uploads\/2020\/11\/Team1-1-300x214.jpg 300w, https:\/\/praxis-miserre-laughlin.de\/wp-content\/uploads\/2020\/11\/Team1-1-768x548.jpg 768w, https:\/\/praxis-miserre-laughlin.de\/wp-content\/uploads\/2020\/11\/Team1-1-1536x1096.jpg 1536w, https:\/\/praxis-miserre-laughlin.de\/wp-content\/uploads\/2020\/11\/Team1-1-2048x1461.jpg 2048w\" sizes=\"auto, (max-width: 767px) 89vw, (max-width: 1000px) 54vw, (max-width: 1071px) 543px, 580px\" \/><\/figure>\n\n\n\n<p>Unser Dreamteam. <\/p>\n\t\t","protected":false},"excerpt":{"rendered":"<p>Hans-Georg Miserre Facharzt f\u00fcr Allgemeinmedizin Palliativmedizin, Reisemedizin, psychosomatische Grundversorgung Dr. med. Andrea Brune Fach\u00e4rztin f\u00fcrAllgemeinmedizin Naturheilkunde Dr. med. Katharina Laughlin Fach\u00e4rztin f\u00fcr Allgemeinmedizin Unser Dreamteam.<\/p>\n","protected":false},"author":1,"featured_media":0,"parent":0,"menu_order":0,"comment_status":"closed","ping_status":"closed","template":"","meta":{"footnotes":""},"class_list":["post-7","page","type-page","status-publish","hentry"],"_links":{"self":[{"href":"https:\/\/praxis-miserre-laughlin.de\/index.php?rest_route=\/wp\/v2\/pages\/7","targetHints":{"allow":["GET"]}}],"collection":[{"href":"https:\/\/praxis-miserre-laughlin.de\/index.php?rest_route=\/wp\/v2\/pages"}],"about":[{"href":"https:\/\/praxis-miserre-laughlin.de\/index.php?rest_route=\/wp\/v2\/types\/page"}],"author":[{"embeddable":true,"href":"https:\/\/praxis-miserre-laughlin.de\/index.php?rest_route=\/wp\/v2\/users\/1"}],"replies":[{"embeddable":true,"href":"https:\/\/praxis-miserre-laughlin.de\/index.php?rest_route=%2Fwp%2Fv2%2Fcomments&post=7"}],"version-history":[{"count":0,"href":"https:\/\/praxis-miserre-laughlin.de\/index.php?rest_route=\/wp\/v2\/pages\/7\/revisions"}],"wp:attachment":[{"href":"https:\/\/praxis-miserre-laughlin.de\/index.php?rest_route=%2Fwp%2Fv2%2Fmedia&parent=7"}],"curies":[{"name":"wp","href":"https:\/\/api.w.org\/{rel}","templated":true}]}}