{"id":48,"date":"2020-11-05T22:07:40","date_gmt":"2020-11-05T21:07:40","guid":{"rendered":"http:\/\/praxis-miserre.de\/wordpress\/?page_id=48"},"modified":"2020-11-05T22:07:40","modified_gmt":"2020-11-05T21:07:40","slug":"unsere-leistungen-2","status":"publish","type":"page","link":"https:\/\/praxis-miserre-laughlin.de\/?page_id=48","title":{"rendered":"Unsere Leistungen"},"content":{"rendered":"\n\t\t\t\t\n<ul class=\"wp-block-list\"><li><strong>Technische Untersuchungen<\/strong><ul><li>Ultraschall:<ul><li>Schilddr\u00fcse<\/li><li>Bauchorgane<\/li><li>Duplex-Doppler-Untersuchung der supraaortalen Gef\u00e4\u00dfe<\/li><\/ul><\/li><li>Arterielle Durchblutungsmessung der Extremit\u00e4ten<\/li><li>EKG<\/li><li>Belastungs-EKG<\/li><li>Lungenfunktionspr\u00fcfung<\/li><li>24-Stunden-Langzeit-EKG<\/li><li>24-Stunden-Langzeit-Blutdruckmessung<\/li><\/ul><\/li><li><strong>Palliativmedizin<\/strong><\/li><li><strong>Naturheilkunde <\/strong><\/li><li><strong>Vorsorgeuntersuchungen (&#8222;T\u00dcV&#8220;) mit Hautkrebsscreening<\/strong> (Leistungsumfang und sinnvolle Erg\u00e4nzungen siehe unten)<\/li><li><strong>Psychosomatische Grundversorgung<\/strong><\/li><li><strong>medizinische Ern\u00e4hrungsberatung<\/strong><\/li><li><strong>Wundmanagement<\/strong><\/li><li><strong>Reisemedizin<\/strong><\/li><li><strong>Jugendschutzuntersuchungen<\/strong><\/li><li><strong>Tauglichkeitsuntersuchungen<\/strong><ul><li>F\u00fchrerschein<\/li><li>Tauchen<\/li><li>Motorboot<\/li><li>Flugschein<\/li><\/ul><\/li><li><strong>Anwendungen<\/strong><ul><li>Nemectrodyn<\/li><li>Jontophorese<\/li><\/ul><\/li><\/ul>\n\n\n\n<h2 class=\"wp-block-heading\">Vorsorgeuntersuchung<\/h2>\n\n\n\n<p>Als gesetzlich Versicherte\/Versicherter erhalten Sie bei Erkrankung alle \u00e4rztlich notwendigen Leistungen. Die Leistungen werden aus den von Ihnen und Ihrem Arbeitgeber geleisteten Krankenversicherungsbeitr\u00e4gen abz\u00fcglich der bei den Krankenkassen anfallenden Verwaltungskosten finanziert. Das deutsche Krankenkassensystem beruht auf dem Solidarit\u00e4tsprinzip. Dieses Solidarit\u00e4tssystem kann aber nur mit den zur Verf\u00fcgung stehenden Mitteln die m\u00f6glichen medizinischen Leistungen unter Ber\u00fccksichtigung der Altersentwicklung und des medizinischen Fortschrittes tragen. Das hat zur Folge, dass alle Leistungen notwendig, zweckm\u00e4\u00dfig und wirtschaftlich sein m\u00fcssen.  <\/p>\n\n\n\n<p>Die gesetzlichen Krankenkassen empfehlen alle 3 Jahre eine Basis-Vorsorgeuntersuchung, welche ein kleines Blutbildung und die Bestimmung der Blutfette sowie eine ambulante Blutdruckmessung beinhaltet. Alle weiteren dar\u00fcber hinausgehenden Ma\u00dfnahmen\/Untersuchungen liegen au\u00dferhalb der gesetzlichen Krankenkassenleistung. <strong>Sinn einer Vorsorgeuntersuchung ist es jedoch, m\u00f6glichst das Auftreten\/Ausbrechen von Erkrankungen mit weitreichenden Lebensqualit\u00e4tseinschr\u00e4nkungen zu verhindern bzw. fr\u00fchstm\u00f6glich zu diagnostizieren und diese Erkrankungen in ihrem Anfangsstadium zu behandeln !<\/strong> Deswegen ist es aus medizinischer Sicht sinnvoll, die von den gesetzlichen Krankenkassen angebotenen Vorsorgeuntersuchungen durch weitere Untersuchungen zu erg\u00e4nzen. Die von uns angebotenen Vorsorgeuntersuchungen beinhalten eine Ganz-K\u00f6rper-Untersuchung, &#8222;gro\u00dfes Labor&#8220;, 24-Stunden-EKG- und 24-Stunden-Blutdruck-Messung sowie Ultraschalluntersuchungen von Bauchorganen, Schilddr\u00fcse und Halsgef\u00e4\u00dfen. F\u00fcr eine ausf\u00fchrliche Beratung und Verg\u00fctungsangaben sprechen Sie uns gerne an. <\/p>\n\n\n\n<p><\/p>\n\t\t","protected":false},"excerpt":{"rendered":"<p>Technische Untersuchungen Ultraschall: Schilddr\u00fcse Bauchorgane Duplex-Doppler-Untersuchung der supraaortalen Gef\u00e4\u00dfe Arterielle Durchblutungsmessung der Extremit\u00e4ten EKG Belastungs-EKG Lungenfunktionspr\u00fcfung 24-Stunden-Langzeit-EKG 24-Stunden-Langzeit-Blutdruckmessung Palliativmedizin Naturheilkunde Vorsorgeuntersuchungen (&#8222;T\u00dcV&#8220;) mit Hautkrebsscreening (Leistungsumfang und sinnvolle Erg\u00e4nzungen siehe unten) Psychosomatische Grundversorgung medizinische Ern\u00e4hrungsberatung Wundmanagement Reisemedizin Jugendschutzuntersuchungen Tauglichkeitsuntersuchungen F\u00fchrerschein Tauchen Motorboot Flugschein Anwendungen Nemectrodyn Jontophorese Vorsorgeuntersuchung Als gesetzlich Versicherte\/Versicherter erhalten Sie bei Erkrankung alle \u00e4rztlich &hellip; <\/p>\n<p class=\"link-more\"><a href=\"https:\/\/praxis-miserre-laughlin.de\/?page_id=48\" class=\"more-link\"><span class=\"screen-reader-text\">\u201eUnsere Leistungen\u201c<\/span> weiterlesen<\/a><\/p>\n","protected":false},"author":1,"featured_media":0,"parent":0,"menu_order":0,"comment_status":"closed","ping_status":"closed","template":"","meta":{"footnotes":""},"class_list":["post-48","page","type-page","status-publish","hentry"],"_links":{"self":[{"href":"https:\/\/praxis-miserre-laughlin.de\/index.php?rest_route=\/wp\/v2\/pages\/48","targetHints":{"allow":["GET"]}}],"collection":[{"href":"https:\/\/praxis-miserre-laughlin.de\/index.php?rest_route=\/wp\/v2\/pages"}],"about":[{"href":"https:\/\/praxis-miserre-laughlin.de\/index.php?rest_route=\/wp\/v2\/types\/page"}],"author":[{"embeddable":true,"href":"https:\/\/praxis-miserre-laughlin.de\/index.php?rest_route=\/wp\/v2\/users\/1"}],"replies":[{"embeddable":true,"href":"https:\/\/praxis-miserre-laughlin.de\/index.php?rest_route=%2Fwp%2Fv2%2Fcomments&post=48"}],"version-history":[{"count":0,"href":"https:\/\/praxis-miserre-laughlin.de\/index.php?rest_route=\/wp\/v2\/pages\/48\/revisions"}],"wp:attachment":[{"href":"https:\/\/praxis-miserre-laughlin.de\/index.php?rest_route=%2Fwp%2Fv2%2Fmedia&parent=48"}],"curies":[{"name":"wp","href":"https:\/\/api.w.org\/{rel}","templated":true}]}}